{"id":1363,"date":"2021-02-10T12:17:18","date_gmt":"2021-02-10T12:17:18","guid":{"rendered":"https:\/\/voucomer.pt\/md\/gulas\/gulas\/?page_id=1363"},"modified":"2021-09-30T10:40:15","modified_gmt":"2021-09-30T09:40:15","slug":"contactos","status":"publish","type":"page","link":"https:\/\/voucomer.pt\/md\/gulas\/contactos\/","title":{"rendered":"Contactos"},"content":{"rendered":"\t\t<div data-elementor-type=\"wp-page\" data-elementor-id=\"1363\" class=\"elementor elementor-1363\" data-elementor-settings=\"[]\">\n\t\t\t\t\t\t<div class=\"elementor-inner\">\n\t\t\t\t\t\t\t<div class=\"elementor-section-wrap\">\n\t\t\t\t\t\t\t<section class=\"elementor-section elementor-top-section elementor-element elementor-element-3a0ce94 elementor-section-boxed elementor-section-height-default elementor-section-height-default\" data-id=\"3a0ce94\" data-element_type=\"section\">\n\t\t\t\t\t\t<div class=\"elementor-container elementor-column-gap-default\">\n\t\t\t\t\t\t\t<div class=\"elementor-row\">\n\t\t\t\t\t<div class=\"elementor-column elementor-col-50 elementor-top-column elementor-element elementor-element-7adab5b\" data-id=\"7adab5b\" data-element_type=\"column\">\n\t\t\t<div class=\"elementor-column-wrap elementor-element-populated\">\n\t\t\t\t\t\t\t<div class=\"elementor-widget-wrap\">\n\t\t\t\t\t\t<div class=\"elementor-element elementor-element-f8fc657 elementor-widget elementor-widget-html\" data-id=\"f8fc657\" data-element_type=\"widget\" data-widget_type=\"html.default\">\n\t\t\t\t<div class=\"elementor-widget-container\">\n\t\t\t<html>\n    <head>   \n    <link rel=\"stylesheet\"\n          href=\"https:\/\/fonts.googleapis.com\/css?family=Euphoria+Script\">\n    <style>\n        .sushihana{text-align:center;}\n        .imgTitulo{width:30px;}\n   \n        h5{\n            font-family: 'Euphoria Script';\n            font-weight: 400;\n            font-style: normal;\n            font-size: 18px;\n            color: #FDFAE2;\n        }\n    <\/style>\n    <\/head>\n    <body>\n        <div class=\"sushihana\">\n            <h2>Visita-nos<\/h2>\n        <\/div>\n    <\/body>\n<\/html>\t\t<\/div>\n\t\t\t\t<\/div>\n\t\t\t\t<div class=\"elementor-element elementor-element-b111006 elementor-widget elementor-widget-html\" data-id=\"b111006\" data-element_type=\"widget\" data-widget_type=\"html.default\">\n\t\t\t\t<div class=\"elementor-widget-container\">\n\t\t\t<html>\n    <style>\n        .contactos{text-align: center;}\n        .iconsCont{text-align: center;}\n        .iconsCont>a{padding-left:20px;}\n        .iconsCont>a>i{font-size:20px;}\n        .imgTitulo{width:30px;}\n    <\/style>\n    <body>\n        <div class=\"contactos\">\n            <p><a href=\"https:\/\/www.google.com\/maps\/place\/Gulas+-+Pizza,+Burger+%26+Coffee\/@41.2747638,-8.6374671,11z\/data=!4m19!1m13!4m12!1m4!2m2!1d-8.5992002!2d41.2551571!4e1!1m6!1m2!1s0xd24f59fd59e5de3:0xdbeeb7f5c7f5e9c3!2sgulas+pizza+burger!2m2!1d-8.404361!2d41.36397!3m4!1s0xd24f59fd59e5de3:0xdbeeb7f5c7f5e9c3!8m2!3d41.36397!4d-8.404361\" target=\"_blank\">Largo Francisco Machado Guimar\u00e3es N\u00b054<br>4795-016 Vila das Aves<\/a><\/p>\n        <\/div>\n    <\/body>\n<\/html>\t\t<\/div>\n\t\t\t\t<\/div>\n\t\t\t\t<div class=\"elementor-element elementor-element-0accda8 elementor-widget elementor-widget-html\" data-id=\"0accda8\" data-element_type=\"widget\" data-widget_type=\"html.default\">\n\t\t\t\t<div class=\"elementor-widget-container\">\n\t\t\t<html>\n    <style>\n        .contactos{text-align: center;}\n        .iconsCont{text-align: center;}\n        .iconsCont>a{padding-left:20px;}\n        .iconsCont>a>i{font-size:20px;}\n        .imgTitulo{width:30px;}\n    <\/style>\n    <body>\n        <div class=\"contactos\">\n            <p>HOR\u00c1RIO<br>SEG-S\u00c1B | 10:30h-14:30 | 18:00-22:30<br>DOM | 17:00-22:30<br>Descanso semanal ter\u00e7a-feira.<\/p>\n        <\/div>\n    <\/body>\n<\/html>\t\t<\/div>\n\t\t\t\t<\/div>\n\t\t\t\t<div class=\"elementor-element elementor-element-7b05558 elementor-widget elementor-widget-html\" data-id=\"7b05558\" data-element_type=\"widget\" data-widget_type=\"html.default\">\n\t\t\t\t<div class=\"elementor-widget-container\">\n\t\t\t<html>\n    <style>\n        .contactos{text-align: center;}\n        .iconsCont{text-align: center;}\n        .iconsCont>a{padding-left:20px;}\n        .iconsCont>a>i{font-size:20px;}\n        .imgTitulo{width:30px;}\n    <\/style>\n    <body>\n        <div class=\"contactos\">\n            <p>TAKE-AWAY<br><a href=\"tel:+351252982221\">252 982 221<\/a><\/p>\n        <\/div>\n    <\/body>\n<\/html>\t\t<\/div>\n\t\t\t\t<\/div>\n\t\t\t\t<div class=\"elementor-element elementor-element-89996bf elementor-hidden-desktop elementor-hidden-tablet elementor-hidden-phone elementor-widget elementor-widget-html\" data-id=\"89996bf\" data-element_type=\"widget\" data-widget_type=\"html.default\">\n\t\t\t\t<div class=\"elementor-widget-container\">\n\t\t\t<html>\n    <style>\n        .contactos{text-align: center;}\n        .iconsCont{text-align: center;}\n        .iconsCont>a{padding-left:20px;}\n        .iconsCont>a>i{font-size:20px;}\n        .imgTitulo{width:30px;}\n    <\/style>\n    <body>\n        <div class=\"contactos\">\n            <p>Encerrado domingos ao almo\u00e7o.<br>Descanso semanal ter\u00e7a-feira.<\/p>\n        <\/div>\n    <\/body>\n<\/html>\t\t<\/div>\n\t\t\t\t<\/div>\n\t\t\t\t<div class=\"elementor-element elementor-element-29d7e3b elementor-widget__width-auto elementor-view-default elementor-widget elementor-widget-icon\" data-id=\"29d7e3b\" data-element_type=\"widget\" data-widget_type=\"icon.default\">\n\t\t\t\t<div class=\"elementor-widget-container\">\n\t\t\t\t\t<div class=\"elementor-icon-wrapper\">\n\t\t\t<a class=\"elementor-icon elementor-animation-float\" href=\"https:\/\/www.instagram.com\/gulas_viladasaves\/\" target=\"_blank\">\n\t\t\t<i aria-hidden=\"true\" class=\"fab fa-instagram\"><\/i>\t\t\t<\/a>\n\t\t<\/div>\n\t\t\t\t<\/div>\n\t\t\t\t<\/div>\n\t\t\t\t<div class=\"elementor-element elementor-element-9812067 elementor-widget__width-auto elementor-view-default elementor-widget elementor-widget-icon\" data-id=\"9812067\" data-element_type=\"widget\" data-widget_type=\"icon.default\">\n\t\t\t\t<div class=\"elementor-widget-container\">\n\t\t\t\t\t<div class=\"elementor-icon-wrapper\">\n\t\t\t<a class=\"elementor-icon elementor-animation-float\" href=\"https:\/\/www.facebook.com\/gulasviladasaves\/photos\/?ref=page_internal\" target=\"_blank\">\n\t\t\t<i aria-hidden=\"true\" class=\"fab fa-facebook-f\"><\/i>\t\t\t<\/a>\n\t\t<\/div>\n\t\t\t\t<\/div>\n\t\t\t\t<\/div>\n\t\t\t\t<div class=\"elementor-element elementor-element-5100c7c elementor-widget__width-auto elementor-hidden-desktop elementor-hidden-tablet elementor-hidden-phone elementor-view-default elementor-widget elementor-widget-icon\" data-id=\"5100c7c\" data-element_type=\"widget\" data-widget_type=\"icon.default\">\n\t\t\t\t<div class=\"elementor-widget-container\">\n\t\t\t\t\t<div class=\"elementor-icon-wrapper\">\n\t\t\t<div class=\"elementor-icon elementor-animation-float\">\n\t\t\t<i aria-hidden=\"true\" class=\"fab fa-foursquare\"><\/i>\t\t\t<\/div>\n\t\t<\/div>\n\t\t\t\t<\/div>\n\t\t\t\t<\/div>\n\t\t\t\t<div class=\"elementor-element elementor-element-cb53520 elementor-widget__width-auto elementor-hidden-desktop elementor-hidden-tablet elementor-hidden-phone elementor-view-default elementor-widget elementor-widget-icon\" data-id=\"cb53520\" data-element_type=\"widget\" data-widget_type=\"icon.default\">\n\t\t\t\t<div class=\"elementor-widget-container\">\n\t\t\t\t\t<div class=\"elementor-icon-wrapper\">\n\t\t\t<div class=\"elementor-icon elementor-animation-float\">\n\t\t\t\t\t\t<\/div>\n\t\t<\/div>\n\t\t\t\t<\/div>\n\t\t\t\t<\/div>\n\t\t\t\t<div class=\"elementor-element elementor-element-e6d908f elementor-widget__width-auto elementor-hidden-desktop elementor-hidden-tablet elementor-hidden-phone elementor-view-default elementor-widget elementor-widget-icon\" data-id=\"e6d908f\" data-element_type=\"widget\" data-widget_type=\"icon.default\">\n\t\t\t\t<div class=\"elementor-widget-container\">\n\t\t\t\t\t<div class=\"elementor-icon-wrapper\">\n\t\t\t<div class=\"elementor-icon elementor-animation-float\">\n\t\t\t<i aria-hidden=\"true\" class=\"fab fa-tripadvisor\"><\/i>\t\t\t<\/div>\n\t\t<\/div>\n\t\t\t\t<\/div>\n\t\t\t\t<\/div>\n\t\t\t\t\t\t<\/div>\n\t\t\t\t\t<\/div>\n\t\t<\/div>\n\t\t\t\t<div class=\"elementor-column elementor-col-50 elementor-top-column elementor-element elementor-element-059a8a5\" data-id=\"059a8a5\" data-element_type=\"column\">\n\t\t\t<div class=\"elementor-column-wrap elementor-element-populated\">\n\t\t\t\t\t\t\t<div class=\"elementor-widget-wrap\">\n\t\t\t\t\t\t<div class=\"elementor-element elementor-element-ccf4f65 elementor-widget elementor-widget-google_maps\" data-id=\"ccf4f65\" data-element_type=\"widget\" data-widget_type=\"google_maps.default\">\n\t\t\t\t<div class=\"elementor-widget-container\">\n\t\t\t\t\t<div class=\"elementor-custom-embed\">\n\t\t\t<iframe frameborder=\"0\" scrolling=\"no\" marginheight=\"0\" marginwidth=\"0\" src=\"https:\/\/maps.google.com\/maps?q=Largo%20Francisco%20Machado%20Guimar%C3%A3es%20N%C2%B054%2C%204795-016%20Vila%20das%20Aves&amp;t=m&amp;z=10&amp;output=embed&amp;iwloc=near\" title=\"%3$s\" aria-label=\"%3$s\"><\/iframe>\n\t\t<\/div>\n\t\t\t\t<\/div>\n\t\t\t\t<\/div>\n\t\t\t\t\t\t<\/div>\n\t\t\t\t\t<\/div>\n\t\t<\/div>\n\t\t\t\t\t\t\t\t<\/div>\n\t\t\t\t\t<\/div>\n\t\t<\/section>\n\t\t\t\t\t\t<\/div>\n\t\t\t\t\t\t<\/div>\n\t\t\t\t\t<\/div>\n\t\t","protected":false},"excerpt":{"rendered":"<p>Visita-nos Largo Francisco Machado Guimar\u00e3es N\u00b0544795-016 Vila das Aves HOR\u00c1RIOSEG-S\u00c1B | 10:30h-14:30 | 18:00-22:30DOM | 17:00-22:30Descanso semanal ter\u00e7a-feira. TAKE-AWAY252 982 221 Encerrado domingos ao almo\u00e7o.Descanso semanal ter\u00e7a-feira.<\/p>\n","protected":false},"author":1,"featured_media":0,"parent":0,"menu_order":1,"comment_status":"closed","ping_status":"closed","template":"","meta":[],"_links":{"self":[{"href":"https:\/\/voucomer.pt\/md\/gulas\/wp-json\/wp\/v2\/pages\/1363"}],"collection":[{"href":"https:\/\/voucomer.pt\/md\/gulas\/wp-json\/wp\/v2\/pages"}],"about":[{"href":"https:\/\/voucomer.pt\/md\/gulas\/wp-json\/wp\/v2\/types\/page"}],"author":[{"embeddable":true,"href":"https:\/\/voucomer.pt\/md\/gulas\/wp-json\/wp\/v2\/users\/1"}],"replies":[{"embeddable":true,"href":"https:\/\/voucomer.pt\/md\/gulas\/wp-json\/wp\/v2\/comments?post=1363"}],"version-history":[{"count":18,"href":"https:\/\/voucomer.pt\/md\/gulas\/wp-json\/wp\/v2\/pages\/1363\/revisions"}],"predecessor-version":[{"id":2152,"href":"https:\/\/voucomer.pt\/md\/gulas\/wp-json\/wp\/v2\/pages\/1363\/revisions\/2152"}],"wp:attachment":[{"href":"https:\/\/voucomer.pt\/md\/gulas\/wp-json\/wp\/v2\/media?parent=1363"}],"curies":[{"name":"wp","href":"https:\/\/api.w.org\/{rel}","templated":true}]}}